{"id":71,"date":"2024-07-16T21:18:36","date_gmt":"2024-07-16T21:18:36","guid":{"rendered":"https:\/\/zeez.me\/?page_id=71"},"modified":"2024-07-16T21:18:36","modified_gmt":"2024-07-16T21:18:36","slug":"new-zeez","status":"publish","type":"page","link":"https:\/\/zeez.me\/fr\/new-zeez\/","title":{"rendered":"Nouveau ZeeZ"},"content":{"rendered":"<p>\r\n        <div class=\"box\">\r\n            <div class=\"box-title\">Information pour ajouter un nouveau ZeeZ<\/div>\r\n            <div class=\"box-content\">\r\n                Pour cr\u00e9er un nouveau ZeeZ, vous devez \u00eatre connect\u00e9 avec un nom d'utilisateur, cr\u00e9er un compte est tr\u00e8s simple et se fait en quelques secondes.\nDe cette fa\u00e7on, vous pourrez \u00e9galement revenir suivre tous vos ZeeZ et laisser des commentaires depuis votre page My ZeeZ.<br>\r\n            <\/div>\r\n        <\/div>\r\n        <div class=\"uwp-login-class bsui sdel-dc2db578\" ><div class=\"uwp_page\"><div class=\"row\">\n\t<div class=\"card mx-auto container-fluid p-0 border-0\" >\n\t\t\t\t\t<div class=\"card-body\">\n\t\t\t\t<h3 class=\"card-title text-center mb-4\">Se connecter<\/h3>\t\t\t\t<form class=\"uwp-login-form uwp_form\" method=\"post\" action=\"\">\n\n\t\t\t\t\t<div data-argument=\"username\" class=\"mb-3\" ><label for=\"username\" class=\"visually-hidden form-label\">Nom d\u2019utilisateur\/utilisatrice ou e-mail <span class=\"text-danger\">*<\/span><\/label><input type=\"text\"  name=\"username\"  id=\"username\"  placeholder=\"Nom d\u2019utilisateur\/utilisatrice ou e-mail *\"  title=\"Nom d\u2019utilisateur\/utilisatrice ou e-mail\"  required class=\"form-control\" ><\/div><div data-argument=\"password\" class=\"mb-3 uwp-password-wrap\" ><label for=\"password\" class=\"visually-hidden form-label\">Password <span class=\"text-danger\">*<\/span><\/label><div class=\"input-group\" ><input type=\"password\"  name=\"password\"  id=\"password\"  placeholder=\"Password *\"  title=\"Password\"  required class=\"form-control\" ><span class=\"input-group-text top-0 end-0 c-pointer px-3\" \nonclick=\"var $el = jQuery(this).find('i');$el.toggleClass('fa-eye fa-eye-slash');var $eli = jQuery(this).parent().parent().find('input');if($el.hasClass('fa-eye')){$eli.attr('type','text');}else{$eli.attr('type','password');}\"\n><i class=\"far fa-fw fa-width-fixed fa-eye-slash\"><\/i><\/span><\/div><\/div><input type=\"hidden\" name=\"redirect_to\" value=\"https:\/\/zeez.me\/fr\"\/><input type=\"hidden\" name=\"uwp_login_nonce\" value=\"4c36f89b81\" \/>\n\t\t\t\t\t<div class=\"uwp-remember-me custom-checkbox mb-3\">\n                        <div data-argument=\"remember_me\" class=\"mb-3\" ><div class=\"form-check\" ><input type=\"hidden\" name=\"remember_me\" value=\"0\" \/><input type=\"checkbox\"  name=\"remember_me\"  id=\"remember_me\"  value=\"forever\"  class=\"form-check-input c-pointer\" ><label for=\"remember_me\" class=\"form-check-label form-label\">Se souvenir de moi<\/label><\/div><\/div>\t\t\t\t\t<\/div>\n\n\t\t\t\t\t<button type=\"submit\"  name=\"uwp_login_submit\"  class=\"btn btn-primary w-100 text-uppercase uwp_login_submit\"  >Se connecter<\/button>\n\n\t\t\t\t<input type=\"hidden\" name=\"trp-form-language\" value=\"fr\"\/><\/form>\n\n                <div class=\"uwp-footer-links\">\n                    <div class=\"uwp-footer-link d-inline-block\">\n\t\t\t\t\t\t<a href=\"https:\/\/zeez.me\/fr\/register\/\" class=\"d-block text-center mt-2 small uwp-register-link\"  rel=\"nofollow\"  >Cr\u00e9er un compte<\/a>\n                    <\/div>\n                    <div class=\"uwp-footer-link float-end\">\n\t\t\t\t\t\t<a href=\"https:\/\/zeez.me\/fr\/forgot\/\" class=\"d-block text-center mt-2 small uwp-forgot-password-link\"  rel=\"nofollow\"  >Forgot password?<\/a>\n                    <\/div>\n                <\/div>\n\n                <div class=\"mb-3 text-center mb-0 p-0\">\n\t\t\t\t\t<div class=\"uwp-social-class sdel-0cc9026a\" ><div class=\"uwp_widgets uwp_widget_social_login\"><div class=\"bsui\"><hr \/>Login via Social<div class=\"text-muted h5 mt-n2 mb-2\"><\/div><a href=\"https:\/\/zeez.me\/fr\/?action=uwp_social_authenticate&provider=facebook&type=&redirect_to=https:\/\/zeez.me\/fr\/\" title=\"Facebook\"  class=\"ms-1 ms-1 mb-1 border-0 btn btn-facebook btn-sm btn-circle\"  data-bs-toggle=\"tooltip\"  ><i class=\"fab fa-facebook-f  fa-fw fa-width-fixed fa-lg\"><\/i><\/a>\n<\/div><\/div><\/div>                <\/div>\n\n\t\t\t<\/div>\n\t<\/div>\n<\/div>\n<\/div><\/div><\/p>","protected":false},"excerpt":{"rendered":"","protected":false},"author":1,"featured_media":0,"parent":0,"menu_order":0,"comment_status":"closed","ping_status":"closed","template":"","meta":{"footnotes":""},"class_list":["post-71","page","type-page","status-publish","hentry"],"_links":{"self":[{"href":"https:\/\/zeez.me\/fr\/wp-json\/wp\/v2\/pages\/71","targetHints":{"allow":["GET"]}}],"collection":[{"href":"https:\/\/zeez.me\/fr\/wp-json\/wp\/v2\/pages"}],"about":[{"href":"https:\/\/zeez.me\/fr\/wp-json\/wp\/v2\/types\/page"}],"author":[{"embeddable":true,"href":"https:\/\/zeez.me\/fr\/wp-json\/wp\/v2\/users\/1"}],"replies":[{"embeddable":true,"href":"https:\/\/zeez.me\/fr\/wp-json\/wp\/v2\/comments?post=71"}],"version-history":[{"count":2,"href":"https:\/\/zeez.me\/fr\/wp-json\/wp\/v2\/pages\/71\/revisions"}],"predecessor-version":[{"id":170,"href":"https:\/\/zeez.me\/fr\/wp-json\/wp\/v2\/pages\/71\/revisions\/170"}],"wp:attachment":[{"href":"https:\/\/zeez.me\/fr\/wp-json\/wp\/v2\/media?parent=71"}],"curies":[{"name":"wp","href":"https:\/\/api.w.org\/{rel}","templated":true}]}}