{"id":61,"date":"2024-07-16T07:28:29","date_gmt":"2024-07-16T07:28:29","guid":{"rendered":"https:\/\/zeez.me\/?page_id=61"},"modified":"2024-08-07T22:35:23","modified_gmt":"2024-08-07T22:35:23","slug":"found-zeez","status":"publish","type":"page","link":"https:\/\/zeez.me\/fr\/","title":{"rendered":"ZeeZ trouv\u00e9"},"content":{"rendered":"<div class=\"wp-block-columns is-layout-flex wp-container-core-columns-is-layout-28f84493 wp-block-columns-is-layout-flex\">\n<div class=\"wp-block-column is-layout-flow wp-block-column-is-layout-flow\" style=\"flex-basis:25%\"><\/div>\n\n\n\n<div class=\"wp-block-column is-layout-flow wp-block-column-is-layout-flow\" style=\"flex-basis:50%\">\n<p class=\"has-text-align-center\">F\u00e9licitation, vous avez trouv\u00e9 un ZeeZ <\/p>\n\n\n\n<p class=\"has-text-align-center\">Participez \u00e0 l'aventure en indiquant ou vous avez trouv\u00e9 ou d\u00e9pos\u00e9 ce ZeeZ afin que tout le monde puisse suivre son voyage<\/p>\n\n\n\n<p class=\"has-text-align-center\">D\u00e9couvrez par ou ce ZeeZ est d\u00e9j\u00e0 pass\u00e9 ou plus d'information en entrant l'ID \u00e0 8 lettres inscrit dessus<\/p>\n<\/div>\n\n\n\n<div class=\"wp-block-column is-layout-flow wp-block-column-is-layout-flow\" style=\"flex-basis:25%\"><\/div>\n<\/div>\n\n\n<p>\r\n    <div class=\"zeezme_simple_form\">\r\n        <form id=\"form_find_object\" action=\"https:\/\/zeez.me\/fr\/show-zeez\" method=\"post\" enctype=\"multipart\/form-data\" data-trp-original-action=\"https:\/\/zeez.me\/fr\/show-zeez\">\r\n            <input type=\"hidden\" value=\"showobject\" id=\"zeezme_formtype\" name=\"zeezme_formtype\">\r\n            <p><label for=\"object_zeez_num\" class=\"tooltip-container\">Enter the found ZeeZ ID *<\/label>\r\n            <input type=\"text\" id=\"object_zeez_num\" name=\"object_zeez_num\" required maxlength=\"8\" class=\"zeezme_responsive_input\" oninput=\"this.value = this.value.toUpperCase()\">\r\n            (L'ID contient 8 caract\u00e8res)\r\n            <\/p>\r\n\r\n            <div class=\"zeezme_center_div\"><input type=\"submit\" name=\"submit\" value=\"Submit\"><\/div>\r\n        <input type=\"hidden\" name=\"trp-form-language\" value=\"fr\"\/><\/form>\r\n    <\/div>\r\n    <\/p>\n\n\n\n<div class=\"wp-block-columns is-layout-flex wp-container-core-columns-is-layout-28f84493 wp-block-columns-is-layout-flex\">\n<div class=\"wp-block-column is-layout-flow wp-block-column-is-layout-flow\" style=\"flex-basis:25%\"><\/div>\n\n\n\n<div class=\"wp-block-column is-layout-flow wp-block-column-is-layout-flow\" style=\"flex-basis:50%\"><\/div>\n\n\n\n<div class=\"wp-block-column is-layout-flow wp-block-column-is-layout-flow\" style=\"flex-basis:25%\"><\/div>\n<\/div>\n\n\n\n<div class=\"wp-block-columns is-layout-flex wp-container-core-columns-is-layout-28f84493 wp-block-columns-is-layout-flex\">\n<div class=\"wp-block-column is-layout-flow wp-block-column-is-layout-flow\" style=\"flex-basis:25%\"><\/div>\n\n\n\n<div class=\"wp-block-column is-layout-flow wp-block-column-is-layout-flow\" style=\"flex-basis:50%\"><p><div class=\"zeezme_center_horizontal_div\"><b><u>Derniers ZeeZ ajout\u00e9s<\/u><\/b><div><a href=\"https:\/\/zeez.me\/fr\/show-zeez\\?zeez_num=RHKNGBLE\">RHKNGBLE - Belgium<\/a><\/div><div><a href=\"https:\/\/zeez.me\/fr\/show-zeez\\?zeez_num=JEHJHYVU\">JEHJHYVU - Belgium<\/a><\/div><div><a href=\"https:\/\/zeez.me\/fr\/show-zeez\\?zeez_num=KHKWXEBT\">KHKWXEBT - France<\/a><\/div><div><a href=\"https:\/\/zeez.me\/fr\/show-zeez\\?zeez_num=UKARNBTL\">UKARNBTL - France<\/a><\/div><div><a href=\"https:\/\/zeez.me\/fr\/show-zeez\\?zeez_num=QMQSSEUF\">QMQSSEUF - France<\/a><\/div><div><a href=\"https:\/\/zeez.me\/fr\/show-zeez\\?zeez_num=WHWUTMEX\">WHWUTMEX - Belgium<\/a><\/div><div><a href=\"https:\/\/zeez.me\/fr\/show-zeez\\?zeez_num=HFGXQCYC\">HFGXQCYC - Belgium<\/a><\/div><div><a href=\"https:\/\/zeez.me\/fr\/show-zeez\\?zeez_num=VFVEKPNW\">VFVEKPNW - Belgium<\/a><\/div><div><a href=\"https:\/\/zeez.me\/fr\/show-zeez\\?zeez_num=XHGMJRJB\">XHGMJRJB - Belgium<\/a><\/div><div><a href=\"https:\/\/zeez.me\/fr\/show-zeez\\?zeez_num=ZWJKZLUZ\">ZWJKZLUZ - Belgium<\/a><\/div><div><a href=\"https:\/\/zeez.me\/fr\/show-zeez\\?zeez_num=ZXEVPGQU\">ZXEVPGQU - Belgium<\/a><\/div><div><a href=\"https:\/\/zeez.me\/fr\/show-zeez\\?zeez_num=KNENCSAU\">KNENCSAU - Belgium<\/a><\/div><div><a href=\"https:\/\/zeez.me\/fr\/show-zeez\\?zeez_num=JASNSNDW\">JASNSNDW - Belgium<\/a><\/div><div><a href=\"https:\/\/zeez.me\/fr\/show-zeez\\?zeez_num=BSZPCGBE\">BSZPCGBE - Belgium<\/a><\/div><div><a href=\"https:\/\/zeez.me\/fr\/show-zeez\\?zeez_num=MTNUNATN\">MTNUNATN - Belgium<\/a><\/div><\/div><\/p>\n<\/div>\n\n\n\n<div class=\"wp-block-column is-layout-flow wp-block-column-is-layout-flow\" style=\"flex-basis:25%\"><\/div>\n<\/div>","protected":false},"excerpt":{"rendered":"<p>Congratulation, you have found a ZeeZ. Join the adventure by indicating where you found or dropped off this ZeeZ so that everyone can follow its journey Discover where this ZeeZ has already been or more information by entering the 8 character ID on it.<\/p>","protected":false},"author":1,"featured_media":0,"parent":0,"menu_order":0,"comment_status":"closed","ping_status":"closed","template":"","meta":{"footnotes":""},"class_list":["post-61","page","type-page","status-publish","hentry"],"_links":{"self":[{"href":"https:\/\/zeez.me\/fr\/wp-json\/wp\/v2\/pages\/61","targetHints":{"allow":["GET"]}}],"collection":[{"href":"https:\/\/zeez.me\/fr\/wp-json\/wp\/v2\/pages"}],"about":[{"href":"https:\/\/zeez.me\/fr\/wp-json\/wp\/v2\/types\/page"}],"author":[{"embeddable":true,"href":"https:\/\/zeez.me\/fr\/wp-json\/wp\/v2\/users\/1"}],"replies":[{"embeddable":true,"href":"https:\/\/zeez.me\/fr\/wp-json\/wp\/v2\/comments?post=61"}],"version-history":[{"count":19,"href":"https:\/\/zeez.me\/fr\/wp-json\/wp\/v2\/pages\/61\/revisions"}],"predecessor-version":[{"id":253,"href":"https:\/\/zeez.me\/fr\/wp-json\/wp\/v2\/pages\/61\/revisions\/253"}],"wp:attachment":[{"href":"https:\/\/zeez.me\/fr\/wp-json\/wp\/v2\/media?parent=61"}],"curies":[{"name":"wp","href":"https:\/\/api.w.org\/{rel}","templated":true}]}}